{"id":34,"date":"2026-03-14T17:02:13","date_gmt":"2026-03-14T17:02:13","guid":{"rendered":"https:\/\/kaynakcim.com\/?page_id=34"},"modified":"2026-03-30T08:36:05","modified_gmt":"2026-03-30T08:36:05","slug":"profesyonel-demir-ve-kaynak-cozumleri","status":"publish","type":"page","link":"https:\/\/kaynakcim.com\/","title":{"rendered":"Ana Sayfa"},"content":{"rendered":"\n<div class=\"wp-block-cover\"><img loading=\"lazy\" decoding=\"async\" width=\"1024\" height=\"572\" class=\"wp-block-cover__image-background wp-image-35 size-full\" alt=\"\" src=\"https:\/\/kaynakcim.com\/wp-content\/uploads\/2026\/03\/unnamed.jpg\" data-object-fit=\"cover\" srcset=\"https:\/\/kaynakcim.com\/wp-content\/uploads\/2026\/03\/unnamed.jpg 1024w, https:\/\/kaynakcim.com\/wp-content\/uploads\/2026\/03\/unnamed-300x168.jpg 300w, https:\/\/kaynakcim.com\/wp-content\/uploads\/2026\/03\/unnamed-768x429.jpg 768w\" sizes=\"auto, (max-width: 1024px) 100vw, 1024px\" \/><span aria-hidden=\"true\" class=\"wp-block-cover__background has-background-dim\" style=\"background-color:#6e6359\"><\/span><div class=\"wp-block-cover__inner-container is-layout-constrained wp-block-cover-is-layout-constrained\">\n<h1 class=\"wp-block-heading has-text-align-center has-large-font-size\"><strong><mark style=\"background-color:rgba(0, 0, 0, 0);color:#ffffff\" class=\"has-inline-color\">20 Y\u0131ll\u0131k Tecr\u00fcbe, Garantili \u0130\u015f\u00e7ilik ve Zaman\u0131nda Teslimat.<\/mark><\/strong><\/h1>\n\n\n\n<div class=\"wp-block-buttons is-content-justification-center is-layout-flex wp-container-core-buttons-is-layout-a89b3969 wp-block-buttons-is-layout-flex\">\n<div class=\"wp-block-button\"><a class=\"wp-block-button__link wp-element-button\" href=\"https:\/\/wa.me\/905513904669\" style=\"border-style:none;border-width:0px;border-top-left-radius:9px;border-top-right-radius:9px;border-bottom-left-radius:9px;border-bottom-right-radius:9px\" target=\"_blank\" rel=\"noopener\"><strong>\u00dccretsiz Ke\u015fif ve Fiyat Al<\/strong><\/a><\/div>\n<\/div>\n<\/div><\/div>\n\n\n\n<p class=\"has-text-align-center\"><strong>H\u0130ZMETLER\u0130M\u0130Z<\/strong><\/p>\n\n\n\n<div class=\"wp-block-columns is-layout-flex wp-container-core-columns-is-layout-28f84493 wp-block-columns-is-layout-flex\">\n<div class=\"wp-block-column is-layout-flow wp-block-column-is-layout-flow\">\n<figure class=\"wp-block-image size-full\"><img loading=\"lazy\" decoding=\"async\" width=\"1024\" height=\"559\" src=\"https:\/\/kaynakcim.com\/wp-content\/uploads\/2026\/03\/11.jpg\" alt=\"\" class=\"wp-image-46\" srcset=\"https:\/\/kaynakcim.com\/wp-content\/uploads\/2026\/03\/11.jpg 1024w, https:\/\/kaynakcim.com\/wp-content\/uploads\/2026\/03\/11-300x164.jpg 300w, https:\/\/kaynakcim.com\/wp-content\/uploads\/2026\/03\/11-768x419.jpg 768w\" sizes=\"auto, (max-width: 1024px) 100vw, 1024px\" \/><\/figure>\n\n\n\n<h3 class=\"wp-block-heading has-text-align-center\">Ferforje ve Dekoratif Demir \u0130\u015fleri<\/h3>\n<\/div>\n\n\n\n<div class=\"wp-block-column is-layout-flow wp-block-column-is-layout-flow\">\n<figure class=\"wp-block-image size-full\"><img loading=\"lazy\" decoding=\"async\" width=\"1024\" height=\"559\" src=\"https:\/\/kaynakcim.com\/wp-content\/uploads\/2026\/03\/12-2.jpg\" alt=\"\" class=\"wp-image-49\" srcset=\"https:\/\/kaynakcim.com\/wp-content\/uploads\/2026\/03\/12-2.jpg 1024w, https:\/\/kaynakcim.com\/wp-content\/uploads\/2026\/03\/12-2-300x164.jpg 300w, https:\/\/kaynakcim.com\/wp-content\/uploads\/2026\/03\/12-2-768x419.jpg 768w\" sizes=\"auto, (max-width: 1024px) 100vw, 1024px\" \/><\/figure>\n\n\n\n<h3 class=\"wp-block-heading has-text-align-center\">\u00c7elik Konstr\u00fcksiyon ve Yap\u0131<\/h3>\n<\/div>\n\n\n\n<div class=\"wp-block-column is-layout-flow wp-block-column-is-layout-flow\">\n<figure class=\"wp-block-image size-full\"><img loading=\"lazy\" decoding=\"async\" width=\"1024\" height=\"559\" src=\"https:\/\/kaynakcim.com\/wp-content\/uploads\/2026\/03\/13-1.jpg\" alt=\"\" class=\"wp-image-51\" srcset=\"https:\/\/kaynakcim.com\/wp-content\/uploads\/2026\/03\/13-1.jpg 1024w, https:\/\/kaynakcim.com\/wp-content\/uploads\/2026\/03\/13-1-300x164.jpg 300w, https:\/\/kaynakcim.com\/wp-content\/uploads\/2026\/03\/13-1-768x419.jpg 768w\" sizes=\"auto, (max-width: 1024px) 100vw, 1024px\" \/><\/figure>\n\n\n\n<h3 class=\"wp-block-heading has-text-align-center\">Kaynak Tamir ve Bak\u0131m<\/h3>\n<\/div>\n<\/div>\n\n\n\n<p><\/p>\n","protected":false},"excerpt":{"rendered":"<p>H\u0130ZMETLER\u0130M\u0130Z Ferforje ve Dekoratif Demir \u0130\u015fleri \u00c7elik Konstr\u00fcksiyon ve Yap\u0131 Kaynak Tamir ve Bak\u0131m<\/p>\n","protected":false},"author":1,"featured_media":0,"parent":0,"menu_order":0,"comment_status":"closed","ping_status":"closed","template":"","meta":{"site-sidebar-layout":"default","site-content-layout":"","ast-site-content-layout":"default","site-content-style":"default","site-sidebar-style":"default","ast-global-header-display":"","ast-banner-title-visibility":"","ast-main-header-display":"","ast-hfb-above-header-display":"","ast-hfb-below-header-display":"","ast-hfb-mobile-header-display":"","site-post-title":"disabled","ast-breadcrumbs-content":"","ast-featured-img":"","footer-sml-layout":"","ast-disable-related-posts":"","theme-transparent-header-meta":"","adv-header-id-meta":"","stick-header-meta":"","header-above-stick-meta":"","header-main-stick-meta":"","header-below-stick-meta":"","astra-migrate-meta-layouts":"default","ast-page-background-enabled":"default","ast-page-background-meta":{"desktop":{"background-color":"var(--ast-global-color-5)","background-image":"","background-repeat":"repeat","background-position":"center center","background-size":"auto","background-attachment":"scroll","background-type":"","background-media":"","overlay-type":"","overlay-color":"","overlay-opacity":"","overlay-gradient":""},"tablet":{"background-color":"","background-image":"","background-repeat":"repeat","background-position":"center center","background-size":"auto","background-attachment":"scroll","background-type":"","background-media":"","overlay-type":"","overlay-color":"","overlay-opacity":"","overlay-gradient":""},"mobile":{"background-color":"","background-image":"","background-repeat":"repeat","background-position":"center center","background-size":"auto","background-attachment":"scroll","background-type":"","background-media":"","overlay-type":"","overlay-color":"","overlay-opacity":"","overlay-gradient":""}},"ast-content-background-meta":{"desktop":{"background-color":"var(--ast-global-color-4)","background-image":"","background-repeat":"repeat","background-position":"center center","background-size":"auto","background-attachment":"scroll","background-type":"","background-media":"","overlay-type":"","overlay-color":"","overlay-opacity":"","overlay-gradient":""},"tablet":{"background-color":"var(--ast-global-color-4)","background-image":"","background-repeat":"repeat","background-position":"center center","background-size":"auto","background-attachment":"scroll","background-type":"","background-media":"","overlay-type":"","overlay-color":"","overlay-opacity":"","overlay-gradient":""},"mobile":{"background-color":"var(--ast-global-color-4)","background-image":"","background-repeat":"repeat","background-position":"center center","background-size":"auto","background-attachment":"scroll","background-type":"","background-media":"","overlay-type":"","overlay-color":"","overlay-opacity":"","overlay-gradient":""}},"footnotes":""},"class_list":["post-34","page","type-page","status-publish","hentry"],"_links":{"self":[{"href":"https:\/\/kaynakcim.com\/index.php\/wp-json\/wp\/v2\/pages\/34","targetHints":{"allow":["GET"]}}],"collection":[{"href":"https:\/\/kaynakcim.com\/index.php\/wp-json\/wp\/v2\/pages"}],"about":[{"href":"https:\/\/kaynakcim.com\/index.php\/wp-json\/wp\/v2\/types\/page"}],"author":[{"embeddable":true,"href":"https:\/\/kaynakcim.com\/index.php\/wp-json\/wp\/v2\/users\/1"}],"replies":[{"embeddable":true,"href":"https:\/\/kaynakcim.com\/index.php\/wp-json\/wp\/v2\/comments?post=34"}],"version-history":[{"count":9,"href":"https:\/\/kaynakcim.com\/index.php\/wp-json\/wp\/v2\/pages\/34\/revisions"}],"predecessor-version":[{"id":111,"href":"https:\/\/kaynakcim.com\/index.php\/wp-json\/wp\/v2\/pages\/34\/revisions\/111"}],"wp:attachment":[{"href":"https:\/\/kaynakcim.com\/index.php\/wp-json\/wp\/v2\/media?parent=34"}],"curies":[{"name":"wp","href":"https:\/\/api.w.org\/{rel}","templated":true}]}}